{"id":8,"date":"2024-05-20T07:54:36","date_gmt":"2024-05-20T07:54:36","guid":{"rendered":"https:\/\/demosites.royal-elementor-addons.com\/graphic-nature-v1\/?page_id=7"},"modified":"2025-02-18T09:54:52","modified_gmt":"2025-02-18T09:54:52","slug":"home-graphic-nature-v1","status":"publish","type":"page","link":"https:\/\/angelfraguas.com\/","title":{"rendered":"Angel Fraguas Psicolog\u00eda"},"content":{"rendered":"\t\t<div data-elementor-type=\"wp-page\" data-elementor-id=\"8\" class=\"elementor elementor-8\">\n\t\t\t\t<div class=\"elementor-element elementor-element-d65a442 e-flex e-con-boxed wpr-particle-no wpr-jarallax-no wpr-parallax-no wpr-sticky-section-no wpr-equal-height-no e-con e-parent\" data-id=\"d65a442\" data-element_type=\"container\" data-e-type=\"container\">\n\t\t\t\t\t<div class=\"e-con-inner\">\n\t\t<div class=\"elementor-element elementor-element-6c6e064 e-con-full e-flex wpr-particle-no wpr-jarallax-no wpr-parallax-no wpr-sticky-section-no wpr-equal-height-no e-con e-child\" data-id=\"6c6e064\" data-element_type=\"container\" data-e-type=\"container\">\n\t\t\t\t<div class=\"elementor-element elementor-element-2abcb01 elementor-widget elementor-widget-image\" data-id=\"2abcb01\" data-element_type=\"widget\" data-e-type=\"widget\" data-widget_type=\"image.default\">\n\t\t\t\t<div class=\"elementor-widget-container\">\n\t\t\t\t\t\t\t\t\t\t\t\t\t\t\t<img fetchpriority=\"high\" decoding=\"async\" width=\"909\" height=\"1024\" src=\"https:\/\/angelfraguas.com\/wp-content\/uploads\/2025\/02\/Diseno-sin-titulo-1-909x1024.png\" class=\"attachment-large size-large wp-image-323\" alt=\"\" srcset=\"https:\/\/angelfraguas.com\/wp-content\/uploads\/2025\/02\/Diseno-sin-titulo-1-909x1024.png 909w, https:\/\/angelfraguas.com\/wp-content\/uploads\/2025\/02\/Diseno-sin-titulo-1-266x300.png 266w, https:\/\/angelfraguas.com\/wp-content\/uploads\/2025\/02\/Diseno-sin-titulo-1-768x865.png 768w, https:\/\/angelfraguas.com\/wp-content\/uploads\/2025\/02\/Diseno-sin-titulo-1-1363x1536.png 1363w, https:\/\/angelfraguas.com\/wp-content\/uploads\/2025\/02\/Diseno-sin-titulo-1.png 1420w\" sizes=\"(max-width: 909px) 100vw, 909px\" \/>\t\t\t\t\t\t\t\t\t\t\t\t\t\t\t<\/div>\n\t\t\t\t<\/div>\n\t\t\t\t<\/div>\n\t\t<div class=\"elementor-element elementor-element-c680e62 e-con-full e-flex wpr-particle-no wpr-jarallax-no wpr-parallax-no wpr-sticky-section-no wpr-equal-height-no e-con e-child\" data-id=\"c680e62\" data-element_type=\"container\" data-e-type=\"container\">\n\t\t<div class=\"elementor-element elementor-element-5b02571 e-con-full e-flex wpr-particle-no wpr-jarallax-no wpr-parallax-no wpr-sticky-section-no wpr-equal-height-no e-con e-child\" data-id=\"5b02571\" data-element_type=\"container\" data-e-type=\"container\">\n\t\t\t\t<div class=\"elementor-element elementor-element-5459ac5 elementor-widget elementor-widget-spacer\" data-id=\"5459ac5\" data-element_type=\"widget\" data-e-type=\"widget\" data-widget_type=\"spacer.default\">\n\t\t\t\t<div class=\"elementor-widget-container\">\n\t\t\t\t\t\t\t<div class=\"elementor-spacer\">\n\t\t\t<div class=\"elementor-spacer-inner\"><\/div>\n\t\t<\/div>\n\t\t\t\t\t\t<\/div>\n\t\t\t\t<\/div>\n\t\t\t\t<\/div>\n\t\t<div class=\"elementor-element elementor-element-31e7c05 e-con-full e-flex wpr-particle-no wpr-jarallax-no wpr-parallax-no wpr-sticky-section-no wpr-equal-height-no e-con e-child\" data-id=\"31e7c05\" data-element_type=\"container\" data-e-type=\"container\">\n\t\t\t\t<div class=\"elementor-element elementor-element-297221e elementor-widget__width-inherit wpr-advanced-text-style-animated wpr-fancy-text-typing wpr-animated-text-infinite-yes elementor-invisible elementor-widget elementor-widget-wpr-advanced-text\" data-id=\"297221e\" data-element_type=\"widget\" data-e-type=\"widget\" data-settings=\"{&quot;_animation&quot;:&quot;zoomIn&quot;,&quot;anim_loop&quot;:&quot;yes&quot;}\" data-widget_type=\"wpr-advanced-text.default\">\n\t\t\t\t<div class=\"elementor-widget-container\">\n\t\t\t\t\t\n\t\t<h4 class=\"wpr-advanced-text\">\n\n\t\t\t\t\t\n\t\t\t\t\t\t\t<span class=\"wpr-advanced-text-preffix\">Tu Br\u00fajula emocional<br><\/span>\n\t\t\t\n\t\t<span class=\"wpr-anim-text wpr-anim-text-type-typing wpr-anim-text-letters\" data-anim-duration=\"200,2000\" data-anim-loop=\"yes\">\n\t\t\t<span class=\"wpr-anim-text-inner\">\n\t\t\t\t\t\t\t\t\t<b>A un clic de distancia<\/b>\n\t\t\t\t\t\t\t<\/span>\n\t\t\t<span class=\"wpr-anim-text-cursor\">|<\/span>\t\t<\/span>\n\n\t\t\t\t\n\t\t<\/h4>\n\t\t\n\t\t\t\t\t\t<\/div>\n\t\t\t\t<\/div>\n\t\t\t\t<div class=\"elementor-element elementor-element-f0af0c0 wpr-button-icon-style-inline wpr-button-icon-position-right elementor-invisible elementor-widget elementor-widget-wpr-button\" data-id=\"f0af0c0\" data-element_type=\"widget\" data-e-type=\"widget\" data-settings=\"{&quot;_animation&quot;:&quot;zoomIn&quot;,&quot;_animation_delay&quot;:100}\" data-widget_type=\"wpr-button.default\">\n\t\t\t\t<div class=\"elementor-widget-container\">\n\t\t\t\t\t\t\n\t\t\t\n\t\t\n\t\t<div class=\"wpr-button-wrap elementor-clearfix\">\n\t\t<a class=\"wpr-button wpr-button-effect wpr-button-none\" data-text=\"\" href=\"https:\/\/angelfraguas.com\/index.php\/reserva-contacta\/\">\n\t\t\t\n\t\t\t<span class=\"wpr-button-content\">\n\t\t\t\t\t\t\t\t\t<span class=\"wpr-button-text\">Reserva ahora tu Sesi\u00f3n Gratu\u00edta<\/span>\n\t\t\t\t\t\t\t\t\n\t\t\t\t\t\t\t<\/span>\n\t\t<\/a>\n\n\t\t\t\t<\/div>\n\t\n\t\n\t\t\t\t\t<\/div>\n\t\t\t\t<\/div>\n\t\t\t\t<div class=\"elementor-element elementor-element-04d5b2a elementor-widget elementor-widget-html\" data-id=\"04d5b2a\" data-element_type=\"widget\" data-e-type=\"widget\" data-widget_type=\"html.default\">\n\t\t\t\t<div class=\"elementor-widget-container\">\n\t\t\t\t\t<!-- Principio del widget de globo de Calendly -->\r\n<link href=\"https:\/\/assets.calendly.com\/assets\/external\/widget.css\" rel=\"stylesheet\">\r\n<script src=\"https:\/\/assets.calendly.com\/assets\/external\/widget.js\" type=\"text\/javascript\" async><\/script>\r\n<script type=\"text\/javascript\">window.onload = function() { Calendly.initBadgeWidget({ url: 'https:\/\/calendly.com\/angelfraguaspsicologo', text: 'Agendar sesi\u00f3n', color: '#efbe0d', textColor: '#ffffff', branding: true }); }<\/script>\r\n<!-- Final del widget de globo de Calendly -->\t\t\t\t<\/div>\n\t\t\t\t<\/div>\n\t\t\t\t<\/div>\n\t\t\t\t<\/div>\n\t\t\t\t\t<\/div>\n\t\t\t\t<\/div>\n\t\t<div class=\"elementor-element elementor-element-8e397cb e-grid e-con-boxed wpr-particle-no wpr-jarallax-no wpr-parallax-no wpr-sticky-section-no wpr-equal-height-no e-con e-parent\" data-id=\"8e397cb\" data-element_type=\"container\" data-e-type=\"container\">\n\t\t\t\t\t<div class=\"e-con-inner\">\n\t\t\t\t<div class=\"elementor-element elementor-element-7466ea9 elementor-position-top elementor-invisible elementor-widget elementor-widget-image-box\" data-id=\"7466ea9\" data-element_type=\"widget\" data-e-type=\"widget\" data-settings=\"{&quot;_animation&quot;:&quot;zoomIn&quot;}\" data-widget_type=\"image-box.default\">\n\t\t\t\t<div class=\"elementor-widget-container\">\n\t\t\t\t\t<div class=\"elementor-image-box-wrapper\"><figure class=\"elementor-image-box-img\"><img decoding=\"async\" width=\"683\" height=\"1024\" src=\"https:\/\/angelfraguas.com\/wp-content\/uploads\/2025\/02\/pexels-liza-summer-6383268-1-683x1024.jpg\" class=\"attachment-large size-large wp-image-292\" alt=\"\" srcset=\"https:\/\/angelfraguas.com\/wp-content\/uploads\/2025\/02\/pexels-liza-summer-6383268-1-683x1024.jpg 683w, https:\/\/angelfraguas.com\/wp-content\/uploads\/2025\/02\/pexels-liza-summer-6383268-1-200x300.jpg 200w, https:\/\/angelfraguas.com\/wp-content\/uploads\/2025\/02\/pexels-liza-summer-6383268-1-768x1152.jpg 768w, https:\/\/angelfraguas.com\/wp-content\/uploads\/2025\/02\/pexels-liza-summer-6383268-1-1024x1536.jpg 1024w, https:\/\/angelfraguas.com\/wp-content\/uploads\/2025\/02\/pexels-liza-summer-6383268-1-1365x2048.jpg 1365w, https:\/\/angelfraguas.com\/wp-content\/uploads\/2025\/02\/pexels-liza-summer-6383268-1-scaled.jpg 1707w\" sizes=\"(max-width: 683px) 100vw, 683px\" \/><\/figure><div class=\"elementor-image-box-content\"><h3 class=\"elementor-image-box-title\">Consultor\u00eda Psicol\u00f3gica<\/h3><p class=\"elementor-image-box-description\">Tu bienestar es mi prioridad. <br>A trav\u00e9s de un espacio de escucha y comprensi\u00f3n, trabajaremos juntos para que encuentres paz interior,fortaleza emocional y una vida m\u00e1s satisfactoria. Reserva tu sesi\u00f3n y da el primer paso hacia tu bienestar.<\/p><\/div><\/div>\t\t\t\t<\/div>\n\t\t\t\t<\/div>\n\t\t\t\t<div class=\"elementor-element elementor-element-c824b78 elementor-position-top elementor-invisible elementor-widget elementor-widget-image-box\" data-id=\"c824b78\" data-element_type=\"widget\" data-e-type=\"widget\" data-settings=\"{&quot;_animation&quot;:&quot;zoomIn&quot;,&quot;_animation_delay&quot;:100}\" data-widget_type=\"image-box.default\">\n\t\t\t\t<div class=\"elementor-widget-container\">\n\t\t\t\t\t<div class=\"elementor-image-box-wrapper\"><figure class=\"elementor-image-box-img\"><img decoding=\"async\" width=\"683\" height=\"1024\" src=\"https:\/\/angelfraguas.com\/wp-content\/uploads\/2025\/02\/portatil-683x1024.jpg\" class=\"attachment-large size-large wp-image-289\" alt=\"\" srcset=\"https:\/\/angelfraguas.com\/wp-content\/uploads\/2025\/02\/portatil-683x1024.jpg 683w, https:\/\/angelfraguas.com\/wp-content\/uploads\/2025\/02\/portatil-200x300.jpg 200w, https:\/\/angelfraguas.com\/wp-content\/uploads\/2025\/02\/portatil-768x1152.jpg 768w, https:\/\/angelfraguas.com\/wp-content\/uploads\/2025\/02\/portatil-1024x1536.jpg 1024w, https:\/\/angelfraguas.com\/wp-content\/uploads\/2025\/02\/portatil-1365x2048.jpg 1365w, https:\/\/angelfraguas.com\/wp-content\/uploads\/2025\/02\/portatil-scaled.jpg 1707w\" sizes=\"(max-width: 683px) 100vw, 683px\" \/><\/figure><div class=\"elementor-image-box-content\"><h3 class=\"elementor-image-box-title\">Formaci\u00f3n Online Estrat\u00e9gica<\/h3><p class=\"elementor-image-box-description\">Si sigues haciendo lo mismo, seguir\u00e1s obteniendo los mismos resultados. <br>\u00bfEst\u00e1s listo para romper el molde?  <br>La Formaci\u00f3n Estrat\u00e9gica te dar\u00e1 las herramientas para destacar y dejar a tu competencia comiendo polvo. \u00a1Atr\u00e9vete!<\/p><\/div><\/div>\t\t\t\t<\/div>\n\t\t\t\t<\/div>\n\t\t\t\t<div class=\"elementor-element elementor-element-438bb44 elementor-position-top elementor-invisible elementor-widget elementor-widget-image-box\" data-id=\"438bb44\" data-element_type=\"widget\" data-e-type=\"widget\" data-settings=\"{&quot;_animation&quot;:&quot;zoomIn&quot;,&quot;_animation_delay&quot;:200}\" data-widget_type=\"image-box.default\">\n\t\t\t\t<div class=\"elementor-widget-container\">\n\t\t\t\t\t<div class=\"elementor-image-box-wrapper\"><figure class=\"elementor-image-box-img\"><img loading=\"lazy\" decoding=\"async\" width=\"628\" height=\"959\" src=\"https:\/\/angelfraguas.com\/wp-content\/uploads\/2025\/02\/Angel-fraguas-conferencia.jpg\" class=\"attachment-full size-full wp-image-286\" alt=\"\" srcset=\"https:\/\/angelfraguas.com\/wp-content\/uploads\/2025\/02\/Angel-fraguas-conferencia.jpg 628w, https:\/\/angelfraguas.com\/wp-content\/uploads\/2025\/02\/Angel-fraguas-conferencia-196x300.jpg 196w\" sizes=\"(max-width: 628px) 100vw, 628px\" \/><\/figure><div class=\"elementor-image-box-content\"><h3 class=\"elementor-image-box-title\">Formaci\u00f3n y Eventos Presenciales<\/h3><p class=\"elementor-image-box-description\">La teor\u00eda est\u00e1 bien, pero la pr\u00e1ctica es lo que transforma.  Aqu\u00ed aprender\u00e1s haciendo, experimentar\u00e1s en primera persona y te llevar\u00e1s herramientas pr\u00e1cticas que podr\u00e1s aplicar desde el primer d\u00eda. <br>\u00a1Prep\u00e1rate para un cambio real!<\/p><\/div><\/div>\t\t\t\t<\/div>\n\t\t\t\t<\/div>\n\t\t\t\t\t<\/div>\n\t\t\t\t<\/div>\n\t\t<div class=\"elementor-element elementor-element-15d1104 e-flex e-con-boxed wpr-particle-no wpr-jarallax-no wpr-parallax-no wpr-sticky-section-no wpr-equal-height-no e-con e-parent\" data-id=\"15d1104\" data-element_type=\"container\" data-e-type=\"container\">\n\t\t\t\t\t<div class=\"e-con-inner\">\n\t\t\t\t<div class=\"elementor-element elementor-element-0a6b97f elementor-widget elementor-widget-heading\" data-id=\"0a6b97f\" data-element_type=\"widget\" data-e-type=\"widget\" data-widget_type=\"heading.default\">\n\t\t\t\t<div class=\"elementor-widget-container\">\n\t\t\t\t\t<h2 class=\"elementor-heading-title elementor-size-default\">\u00bfQui\u00e9n soy yo...?<\/h2>\t\t\t\t<\/div>\n\t\t\t\t<\/div>\n\t\t\t\t<div class=\"elementor-element elementor-element-c722139 elementor-widget elementor-widget-spacer\" data-id=\"c722139\" data-element_type=\"widget\" data-e-type=\"widget\" data-widget_type=\"spacer.default\">\n\t\t\t\t<div class=\"elementor-widget-container\">\n\t\t\t\t\t\t\t<div class=\"elementor-spacer\">\n\t\t\t<div class=\"elementor-spacer-inner\"><\/div>\n\t\t<\/div>\n\t\t\t\t\t\t<\/div>\n\t\t\t\t<\/div>\n\t\t\t\t<div class=\"elementor-element elementor-element-164d751 elementor-widget elementor-widget-text-editor\" data-id=\"164d751\" data-element_type=\"widget\" data-e-type=\"widget\" data-widget_type=\"text-editor.default\">\n\t\t\t\t<div class=\"elementor-widget-container\">\n\t\t\t\t\t\t\t\t\t<p data-sourcepos=\"28:1-28:95\">\u00bfQu\u00e9 pasar\u00eda si te dijera que tienes un potencial oculto capaz de transformar tu vida por completo?<\/p><p data-sourcepos=\"30:1-30:59\">Todos lo tenemos. Pero la mayor\u00eda no sabe c\u00f3mo despertarlo.<\/p><p data-sourcepos=\"32:1-32:100\">Soy \u00c1ngel Fraguas, psic\u00f3logo colegiado (B-03140), y soy experto en <strong>despertar ese potencial interior<\/strong>.<\/p><p data-sourcepos=\"34:1-34:169\">A trav\u00e9s de la <strong>Psicolog\u00eda<\/strong>, el <strong>Coaching<\/strong>, la <strong>Programaci\u00f3n Neuroling\u00fc\u00edstica<\/strong> y el <strong>Mindfulness entre otras herramientas<\/strong>, te guiar\u00e9 en un viaje de autodescubrimiento que te revelar\u00e1 tu verdadero potencial.<\/p><p data-sourcepos=\"36:1-36:175\">Juntos, exploraremos las profundidades de tu mente, liberaremos tus bloqueos emocionales y construiremos una nueva versi\u00f3n de ti mismo\/a: <strong>m\u00e1s fuerte, m\u00e1s seguro\/a y m\u00e1s feliz<\/strong>.<\/p><p data-sourcepos=\"38:1-38:98\">Y si la distancia no nos permite vernos en persona, la <strong>terapia online<\/strong> es la soluci\u00f3n perfecta.<\/p><p data-sourcepos=\"40:1-40:48\"><strong>\u00bfEst\u00e1s listo\/a para descubrir tu potencial oculto?<\/strong><\/p><p data-sourcepos=\"42:1-42:47\">Reserva tu sesi\u00f3n y comienza ahora tu transformaci\u00f3n<\/p>\t\t\t\t\t\t\t\t<\/div>\n\t\t\t\t<\/div>\n\t\t\t\t<div class=\"elementor-element elementor-element-ee6df7a elementor-widget elementor-widget-spacer\" data-id=\"ee6df7a\" data-element_type=\"widget\" data-e-type=\"widget\" data-widget_type=\"spacer.default\">\n\t\t\t\t<div class=\"elementor-widget-container\">\n\t\t\t\t\t\t\t<div class=\"elementor-spacer\">\n\t\t\t<div class=\"elementor-spacer-inner\"><\/div>\n\t\t<\/div>\n\t\t\t\t\t\t<\/div>\n\t\t\t\t<\/div>\n\t\t\t\t\t<\/div>\n\t\t\t\t<\/div>\n\t\t<div class=\"elementor-element elementor-element-baa0e32 e-grid e-con-boxed wpr-particle-no wpr-jarallax-no wpr-parallax-no wpr-sticky-section-no wpr-equal-height-no e-con e-parent\" data-id=\"baa0e32\" data-element_type=\"container\" data-e-type=\"container\">\n\t\t\t\t\t<div class=\"e-con-inner\">\n\t\t\t\t<div class=\"elementor-element elementor-element-e714cd6 elementor-widget elementor-widget-image\" data-id=\"e714cd6\" data-element_type=\"widget\" data-e-type=\"widget\" data-widget_type=\"image.default\">\n\t\t\t\t<div class=\"elementor-widget-container\">\n\t\t\t\t\t\t\t\t\t\t\t\t\t\t\t<img loading=\"lazy\" decoding=\"async\" width=\"576\" height=\"1024\" src=\"https:\/\/angelfraguas.com\/wp-content\/uploads\/2025\/02\/testimonio-1-web-576x1024.png\" class=\"attachment-large size-large wp-image-590\" alt=\"\" srcset=\"https:\/\/angelfraguas.com\/wp-content\/uploads\/2025\/02\/testimonio-1-web-576x1024.png 576w, https:\/\/angelfraguas.com\/wp-content\/uploads\/2025\/02\/testimonio-1-web-169x300.png 169w, https:\/\/angelfraguas.com\/wp-content\/uploads\/2025\/02\/testimonio-1-web-768x1365.png 768w, https:\/\/angelfraguas.com\/wp-content\/uploads\/2025\/02\/testimonio-1-web-864x1536.png 864w, https:\/\/angelfraguas.com\/wp-content\/uploads\/2025\/02\/testimonio-1-web.png 1080w\" sizes=\"(max-width: 576px) 100vw, 576px\" \/>\t\t\t\t\t\t\t\t\t\t\t\t\t\t\t<\/div>\n\t\t\t\t<\/div>\n\t\t\t\t<div class=\"elementor-element elementor-element-d9f8d34 elementor-widget elementor-widget-image\" data-id=\"d9f8d34\" data-element_type=\"widget\" data-e-type=\"widget\" data-widget_type=\"image.default\">\n\t\t\t\t<div class=\"elementor-widget-container\">\n\t\t\t\t\t\t\t\t\t\t\t\t\t\t\t<img loading=\"lazy\" decoding=\"async\" width=\"576\" height=\"1024\" src=\"https:\/\/angelfraguas.com\/wp-content\/uploads\/2025\/02\/testimonio-3-web-576x1024.png\" class=\"attachment-large size-large wp-image-592\" alt=\"\" srcset=\"https:\/\/angelfraguas.com\/wp-content\/uploads\/2025\/02\/testimonio-3-web-576x1024.png 576w, https:\/\/angelfraguas.com\/wp-content\/uploads\/2025\/02\/testimonio-3-web-169x300.png 169w, https:\/\/angelfraguas.com\/wp-content\/uploads\/2025\/02\/testimonio-3-web-768x1365.png 768w, https:\/\/angelfraguas.com\/wp-content\/uploads\/2025\/02\/testimonio-3-web-864x1536.png 864w, https:\/\/angelfraguas.com\/wp-content\/uploads\/2025\/02\/testimonio-3-web.png 1080w\" sizes=\"(max-width: 576px) 100vw, 576px\" \/>\t\t\t\t\t\t\t\t\t\t\t\t\t\t\t<\/div>\n\t\t\t\t<\/div>\n\t\t\t\t<div class=\"elementor-element elementor-element-f517444 elementor-widget elementor-widget-image\" data-id=\"f517444\" data-element_type=\"widget\" data-e-type=\"widget\" data-widget_type=\"image.default\">\n\t\t\t\t<div class=\"elementor-widget-container\">\n\t\t\t\t\t\t\t\t\t\t\t\t\t\t\t<img loading=\"lazy\" decoding=\"async\" width=\"576\" height=\"1024\" src=\"https:\/\/angelfraguas.com\/wp-content\/uploads\/2025\/02\/testimonio-2-web-576x1024.png\" class=\"attachment-large size-large wp-image-591\" alt=\"\" srcset=\"https:\/\/angelfraguas.com\/wp-content\/uploads\/2025\/02\/testimonio-2-web-576x1024.png 576w, https:\/\/angelfraguas.com\/wp-content\/uploads\/2025\/02\/testimonio-2-web-169x300.png 169w, https:\/\/angelfraguas.com\/wp-content\/uploads\/2025\/02\/testimonio-2-web-768x1365.png 768w, https:\/\/angelfraguas.com\/wp-content\/uploads\/2025\/02\/testimonio-2-web-864x1536.png 864w, https:\/\/angelfraguas.com\/wp-content\/uploads\/2025\/02\/testimonio-2-web.png 1080w\" sizes=\"(max-width: 576px) 100vw, 576px\" \/>\t\t\t\t\t\t\t\t\t\t\t\t\t\t\t<\/div>\n\t\t\t\t<\/div>\n\t\t\t\t\t<\/div>\n\t\t\t\t<\/div>\n\t\t\t\t<\/div>\n\t\t","protected":false},"excerpt":{"rendered":"<p>Tu Br\u00fajula emocional A un clic de distancia | Reserva ahora tu Sesi\u00f3n Gratu\u00edta Consultor\u00eda Psicol\u00f3gica Tu bienestar es mi prioridad. A trav\u00e9s de un espacio de escucha y comprensi\u00f3n, trabajaremos juntos para que encuentres paz interior,fortaleza emocional y una vida m\u00e1s satisfactoria. Reserva tu sesi\u00f3n y da el primer paso hacia tu bienestar. Formaci\u00f3n Online Estrat\u00e9gica Si sigues haciendo lo mismo, seguir\u00e1s obteniendo los mismos resultados. \u00bfEst\u00e1s listo para romper el molde? La Formaci\u00f3n Estrat\u00e9gica te dar\u00e1 las herramientas para destacar y dejar a tu competencia comiendo polvo. \u00a1Atr\u00e9vete! Formaci\u00f3n y Eventos Presenciales La teor\u00eda est\u00e1 bien, pero la pr\u00e1ctica es lo que transforma. Aqu\u00ed aprender\u00e1s haciendo, experimentar\u00e1s en primera persona y te llevar\u00e1s herramientas pr\u00e1cticas que podr\u00e1s aplicar desde el primer d\u00eda. \u00a1Prep\u00e1rate para un cambio real! \u00bfQui\u00e9n soy yo&#8230;? \u00bfQu\u00e9 pasar\u00eda si te dijera que tienes un potencial oculto capaz de transformar tu vida por completo? Todos lo tenemos. Pero la mayor\u00eda no sabe c\u00f3mo despertarlo. Soy \u00c1ngel Fraguas, psic\u00f3logo colegiado (B-03140), y soy experto en despertar ese potencial interior. A trav\u00e9s de la Psicolog\u00eda, el Coaching, la Programaci\u00f3n Neuroling\u00fc\u00edstica y el Mindfulness entre otras herramientas, te guiar\u00e9 en un viaje de autodescubrimiento que te revelar\u00e1 tu verdadero potencial. Juntos, exploraremos las profundidades de tu mente, liberaremos tus bloqueos emocionales y construiremos una nueva versi\u00f3n de ti mismo\/a: m\u00e1s fuerte, m\u00e1s seguro\/a y m\u00e1s feliz. Y si la distancia no nos permite vernos en persona, la terapia online es la soluci\u00f3n perfecta. \u00bfEst\u00e1s listo\/a para descubrir tu potencial oculto? Reserva tu sesi\u00f3n y comienza ahora tu transformaci\u00f3n<\/p>\n","protected":false},"author":1,"featured_media":0,"parent":0,"menu_order":0,"comment_status":"closed","ping_status":"closed","template":"","meta":{"_joinchat":[],"footnotes":""},"class_list":["post-8","page","type-page","status-publish","hentry"],"_links":{"self":[{"href":"https:\/\/angelfraguas.com\/index.php\/wp-json\/wp\/v2\/pages\/8","targetHints":{"allow":["GET"]}}],"collection":[{"href":"https:\/\/angelfraguas.com\/index.php\/wp-json\/wp\/v2\/pages"}],"about":[{"href":"https:\/\/angelfraguas.com\/index.php\/wp-json\/wp\/v2\/types\/page"}],"author":[{"embeddable":true,"href":"https:\/\/angelfraguas.com\/index.php\/wp-json\/wp\/v2\/users\/1"}],"replies":[{"embeddable":true,"href":"https:\/\/angelfraguas.com\/index.php\/wp-json\/wp\/v2\/comments?post=8"}],"version-history":[{"count":142,"href":"https:\/\/angelfraguas.com\/index.php\/wp-json\/wp\/v2\/pages\/8\/revisions"}],"predecessor-version":[{"id":595,"href":"https:\/\/angelfraguas.com\/index.php\/wp-json\/wp\/v2\/pages\/8\/revisions\/595"}],"wp:attachment":[{"href":"https:\/\/angelfraguas.com\/index.php\/wp-json\/wp\/v2\/media?parent=8"}],"curies":[{"name":"wp","href":"https:\/\/api.w.org\/{rel}","templated":true}]}}